{"id":183,"date":"2018-12-26T02:08:44","date_gmt":"2018-12-26T02:08:44","guid":{"rendered":"https:\/\/codesupply.co\/?page_id=183"},"modified":"2024-04-17T02:59:16","modified_gmt":"2024-04-17T02:59:16","slug":"mixtapes","status":"publish","type":"page","link":"https:\/\/indasocial.com\/INDA\/mixtapes\/","title":{"rendered":"MIXTAPES"},"content":{"rendered":"\n<h2 class=\"wp-block-heading\">MIXTAPES: INDASOCIAL<\/h2>\n\n\n\n<h4 class=\"wp-block-heading\">Un viaje en el espacio-tiempo sobre nuestras colaboraciones musicales aka <em><strong>Mixtapes<\/strong><\/em> con los mejores talentos locales, nacionales e internacionales de la escena electr\u00f3nica en <strong>M\u00e9xico, Asia y Europa.<\/strong><\/h4>\n\n\n<div class=\"wp-block-image\">\n<figure class=\"aligncenter is-resized\"><img loading=\"lazy\" decoding=\"async\" width=\"702\" height=\"525\" src=\"https:\/\/indasocial.com\/INDA\/wp-content\/uploads\/2019\/08\/Captura-de-pantalla-2019-07-31-a-las-19.23.06.png\" alt=\"\" class=\"wp-image-1088\" style=\"width:626px;height:468px\" srcset=\"https:\/\/indasocial.com\/INDA\/wp-content\/uploads\/2019\/08\/Captura-de-pantalla-2019-07-31-a-las-19.23.06.png 702w, https:\/\/indasocial.com\/INDA\/wp-content\/uploads\/2019\/08\/Captura-de-pantalla-2019-07-31-a-las-19.23.06-600x449.png 600w, https:\/\/indasocial.com\/INDA\/wp-content\/uploads\/2019\/08\/Captura-de-pantalla-2019-07-31-a-las-19.23.06-320x240.png 320w, https:\/\/indasocial.com\/INDA\/wp-content\/uploads\/2019\/08\/Captura-de-pantalla-2019-07-31-a-las-19.23.06-300x225.png 300w, https:\/\/indasocial.com\/INDA\/wp-content\/uploads\/2019\/08\/Captura-de-pantalla-2019-07-31-a-las-19.23.06-560x420.png 560w\" sizes=\"(max-width: 702px) 100vw, 702px\" \/><\/figure><\/div>\n\n<p><iframe loading=\"lazy\" width=\"100%\" height=\"300\" scrolling=\"no\" frameborder=\"no\" allow=\"autoplay\" src=\"https:\/\/w.soundcloud.com\/player\/?url=https%3A\/\/api.soundcloud.com\/playlists\/843080027&#038;color=%2319191c&#038;auto_play=false&#038;hide_related=false&#038;show_comments=true&#038;show_user=true&#038;show_reposts=false&#038;show_teaser=true&#038;visual=true\"><\/iframe><\/p>\n<div style=\"font-size: 10px; color: #cccccc;line-break: anywhere;word-break: normal;overflow: hidden;white-space: nowrap;text-overflow: ellipsis; font-family: Interstate,Lucida Grande,Lucida Sans Unicode,Lucida Sans,Garuda,Verdana,Tahoma,sans-serif;font-weight: 100;\"><a href=\"https:\/\/soundcloud.com\/indasocial\" title=\"INDASOCIAL_MX\" target=\"_blank\" style=\"color: #cccccc; text-decoration: none;\" rel=\"noopener\">INDASOCIAL_MX<\/a> \u00b7 <a href=\"https:\/\/soundcloud.com\/indasocial\/sets\/n-e-w-d-e-l-i-w-a-v-e-s\" title=\"\u2248 N E W . D E L I . W A V E S \u2248\" target=\"_blank\" style=\"color: #cccccc; text-decoration: none;\" rel=\"noopener\">\u2248 N E W . D E L I . W A V E S \u2248<\/a><\/div>\n\n\n\n<h2 class=\"wp-block-heading\">MIXTAPE: ALEXANDRA ZAHARIEVA<\/h2>\n\n\n\n<h4 class=\"wp-block-heading\">Tomamos un \u00abgold ticket\u00bb con <a rel=\"noreferrer noopener\" aria-label=\"Alexandra Zaharieva (abre en una nueva pesta\u00f1a)\" href=\"https:\/\/soundcloud.com\/alexandra-zaharieva\" target=\"_blank\">Alexandra Zaharieva<\/a>, ella nos llev\u00f3 a un lugar especial con esta mezcla, d\u00e9jate llevar por su m\u00fasica y disfruta de este vuelo sin escalas.<\/h4>\n\n\n<div class=\"wp-block-image\">\n<figure class=\"aligncenter is-resized\"><img loading=\"lazy\" decoding=\"async\" width=\"1024\" height=\"683\" src=\"https:\/\/indasocial.com\/INDA\/wp-content\/uploads\/2019\/08\/10631155_1010366352320428_8135594816173073749_o.jpg\" alt=\"\" class=\"wp-image-1086\" style=\"width:632px;height:420px\" srcset=\"https:\/\/indasocial.com\/INDA\/wp-content\/uploads\/2019\/08\/10631155_1010366352320428_8135594816173073749_o.jpg 1024w, https:\/\/indasocial.com\/INDA\/wp-content\/uploads\/2019\/08\/10631155_1010366352320428_8135594816173073749_o-600x400.jpg 600w, https:\/\/indasocial.com\/INDA\/wp-content\/uploads\/2019\/08\/10631155_1010366352320428_8135594816173073749_o-800x534.jpg 800w, https:\/\/indasocial.com\/INDA\/wp-content\/uploads\/2019\/08\/10631155_1010366352320428_8135594816173073749_o-320x213.jpg 320w, https:\/\/indasocial.com\/INDA\/wp-content\/uploads\/2019\/08\/10631155_1010366352320428_8135594816173073749_o-560x374.jpg 560w\" sizes=\"(max-width: 1024px) 100vw, 1024px\" \/><\/figure><\/div>\n\n<p><iframe loading=\"lazy\" width=\"100%\" height=\"166\" scrolling=\"no\" frameborder=\"no\" allow=\"autoplay\" src=\"https:\/\/w.soundcloud.com\/player\/?url=https%3A\/\/api.soundcloud.com\/tracks\/473464221&amp;color=%23ff5500&amp;auto_play=false&amp;hide_related=false&amp;show_comments=true&amp;show_user=true&amp;show_reposts=false&amp;show_teaser=true\"><\/iframe><\/p>\n\n\n\n<h2 class=\"wp-block-heading\">MIXTAPE: EAU CLAIRE<\/h2>\n\n\n\n<h4 class=\"wp-block-heading\">Comenzamos con una gran mezcla de <a rel=\"noreferrer noopener\" aria-label=\"&quot;Eau Claire&quot;. (abre en una nueva pesta\u00f1a)\" href=\"https:\/\/soundcloud.com\/eau-claire\" target=\"_blank\">\u00abEau Claire\u00bb.<\/a>  Disfruta este \u00abRoyal Mix\u00bb, acompa\u00f1ado de un colorido, dulce y seductor; ritmo tropical. <\/h4>\n\n\n<div class=\"wp-block-image\">\n<figure class=\"aligncenter is-resized\"><img loading=\"lazy\" decoding=\"async\" width=\"1160\" height=\"605\" src=\"https:\/\/indasocial.com\/INDA\/wp-content\/uploads\/2019\/08\/12031600_1061725303851199_9106772129611819194_o-1160x605.jpg\" alt=\"\" class=\"wp-image-1085\" style=\"width:632px;height:329px\" srcset=\"https:\/\/indasocial.com\/INDA\/wp-content\/uploads\/2019\/08\/12031600_1061725303851199_9106772129611819194_o-1160x605.jpg 1160w, https:\/\/indasocial.com\/INDA\/wp-content\/uploads\/2019\/08\/12031600_1061725303851199_9106772129611819194_o-600x313.jpg 600w, https:\/\/indasocial.com\/INDA\/wp-content\/uploads\/2019\/08\/12031600_1061725303851199_9106772129611819194_o-800x417.jpg 800w, https:\/\/indasocial.com\/INDA\/wp-content\/uploads\/2019\/08\/12031600_1061725303851199_9106772129611819194_o-320x167.jpg 320w, https:\/\/indasocial.com\/INDA\/wp-content\/uploads\/2019\/08\/12031600_1061725303851199_9106772129611819194_o-560x292.jpg 560w, https:\/\/indasocial.com\/INDA\/wp-content\/uploads\/2019\/08\/12031600_1061725303851199_9106772129611819194_o.jpg 1192w\" sizes=\"(max-width: 1160px) 100vw, 1160px\" \/><\/figure><\/div>\n\n<p><iframe loading=\"lazy\" width=\"100%\" height=\"166\" scrolling=\"no\" frameborder=\"no\" allow=\"autoplay\" src=\"https:\/\/w.soundcloud.com\/player\/?url=https%3A\/\/api.soundcloud.com\/tracks\/473481405&amp;color=%23ff5500&amp;auto_play=false&amp;hide_related=false&amp;show_comments=true&amp;show_user=true&amp;show_reposts=false&amp;show_teaser=true\"><\/iframe><\/p>\n\n\n\n<h2 class=\"wp-block-heading\">MIXTAPE: LES FLEURS DU MAL<\/h2>\n\n\n\n<h4 class=\"wp-block-heading\"><a href=\"https:\/\/soundcloud.com\/lesfleursdumal-agency\" target=\"_blank\" rel=\"noreferrer noopener\" aria-label=\" (abre en una nueva pesta\u00f1a)\">LesFleursDuMal<\/a> es un proyecto musical de Par\u00eds inspirado en la colecci\u00f3n de poemas de Charles Baudelaire con el mismo nombre. Detr\u00e1s de este homenaje al poeta franc\u00e9s, se encuentra un gran amante de la m\u00fasica, con una literatura apasionada y un delicioso mix, hecho en la exquisita Francia.<\/h4>\n\n\n<div class=\"wp-block-image\">\n<figure class=\"aligncenter is-resized\"><img loading=\"lazy\" decoding=\"async\" width=\"1049\" height=\"779\" src=\"https:\/\/indasocial.com\/INDA\/wp-content\/uploads\/2019\/08\/Captura-de-pantalla-2019-07-31-a-las-19.34.27.png\" alt=\"\" class=\"wp-image-1091\" style=\"width:598px;height:444px\" srcset=\"https:\/\/indasocial.com\/INDA\/wp-content\/uploads\/2019\/08\/Captura-de-pantalla-2019-07-31-a-las-19.34.27.png 1049w, https:\/\/indasocial.com\/INDA\/wp-content\/uploads\/2019\/08\/Captura-de-pantalla-2019-07-31-a-las-19.34.27-600x446.png 600w, https:\/\/indasocial.com\/INDA\/wp-content\/uploads\/2019\/08\/Captura-de-pantalla-2019-07-31-a-las-19.34.27-800x594.png 800w, https:\/\/indasocial.com\/INDA\/wp-content\/uploads\/2019\/08\/Captura-de-pantalla-2019-07-31-a-las-19.34.27-320x238.png 320w, https:\/\/indasocial.com\/INDA\/wp-content\/uploads\/2019\/08\/Captura-de-pantalla-2019-07-31-a-las-19.34.27-560x416.png 560w\" sizes=\"(max-width: 1049px) 100vw, 1049px\" \/><\/figure><\/div>\n\n<p><iframe loading=\"lazy\" width=\"100%\" height=\"166\" scrolling=\"no\" frameborder=\"no\" allow=\"autoplay\" src=\"https:\/\/w.soundcloud.com\/player\/?url=https%3A\/\/api.soundcloud.com\/tracks\/474876663&amp;color=%23ff5500&amp;auto_play=false&amp;hide_related=false&amp;show_comments=true&amp;show_user=true&amp;show_reposts=false&amp;show_teaser=true\"><\/iframe><\/p>\n\n\n\n<h2 class=\"wp-block-heading\">MIXTAPE: DIEG\u00d6<\/h2>\n\n\n\n<h4 class=\"wp-block-heading\"><a href=\"https:\/\/soundcloud.com\/diegomendezluna\" target=\"_blank\" rel=\"noreferrer noopener\" aria-label=\"DIEG\u00d6 (abre en una nueva pesta\u00f1a)\">DIEG\u00d6<\/a> es un proyecto musical de Puebla. En constante evoluci\u00f3n y captando nuevos impulsos, nos prepar\u00f3 este set reci\u00e9n fresco, mientras beb\u00eda un espresso y conoc\u00eda gente agradable. Un set hecho, para nuestra fiesta de lanzamiento de indasocial, en el Caf\u00e9 Treinta y Tres.  <\/h4>\n\n\n<p><iframe loading=\"lazy\" width=\"100%\" height=\"300\" scrolling=\"no\" frameborder=\"no\" allow=\"autoplay\" src=\"https:\/\/w.soundcloud.com\/player\/?url=https%3A\/\/api.soundcloud.com\/tracks\/661210271&amp;color=%23ff5500&amp;auto_play=false&amp;hide_related=false&amp;show_comments=true&amp;show_user=true&amp;show_reposts=false&amp;show_teaser=true&amp;visual=true\"><\/iframe><\/p>\n\n\n\n<h2 class=\"wp-block-heading\">MIXTAPE: URSULA PRAWN<\/h2>\n\n\n\n<h4 class=\"wp-block-heading\">Originaria de Tijuana BC,&nbsp;<a rel=\"noreferrer noopener\" aria-label=\" (abre en una nueva pesta\u00f1a)\" href=\"https:\/\/soundcloud.com\/ursulaprawn\" target=\"_blank\">UrsulaPrawn<\/a>&nbsp;ha estado influenciada desde muy temprana edad, por el movimiento electr\u00f3nico baja californiano del colectivo Nortec y los beats houseros del Pac\u00edfico. Su gusto musical parte tambi\u00e9n de las influencias del house, m\u00ednimal, tech house, electro, italodisco. Su pasi\u00f3n por los vinilos la llevan a tocar todo tipo de g\u00e9neros por varias regiones de M\u00e9xico y del mundo.<br>&#8211;<br>En este mix <a rel=\"noreferrer noopener\" aria-label=\" (abre en una nueva pesta\u00f1a)\" href=\"https:\/\/soundcloud.com\/ursulaprawn\" target=\"_blank\">UrsulaPrawn<\/a>, nos regala una mezcla r\u00edtmica y curada, con sonidos ambientales, un toque minimal y esencia house. Un&nbsp;<a rel=\"noreferrer noopener\" aria-label=\" (abre en una nueva pesta\u00f1a)\" href=\"https:\/\/soundcloud.com\/indasocial\/sets\/n-e-w-d-e-l-i-w-a-v-e-s\" target=\"_blank\">#DeliMix<\/a>&nbsp;perfecto, para cerrar el verano. Enjoy!! <\/h4>\n\n\n<p><iframe loading=\"lazy\" width=\"100%\" height=\"300\" scrolling=\"no\" frameborder=\"no\" allow=\"autoplay\" src=\"https:\/\/w.soundcloud.com\/player\/?url=https%3A\/\/api.soundcloud.com\/tracks\/681631718&amp;color=%23ff5500&amp;auto_play=false&amp;hide_related=false&amp;show_comments=true&amp;show_user=true&amp;show_reposts=false&amp;show_teaser=true&amp;visual=true\"><\/iframe><\/p>\n\n\n\n<h2 class=\"wp-block-heading\">MIXTAPE: NOCTVA<\/h2>\n\n\n\n<h4 class=\"wp-block-heading\"><strong><a rel=\"noreferrer noopener\" aria-label=\"Noctva (abre en una nueva pesta\u00f1a)\" href=\"https:\/\/www.mixcloud.com\/noctvamvsic\/\" target=\"_blank\">Noctva<\/a>&nbsp;<\/strong>es un d\u00fao femenino formado por las DJ\u2019s Nohem\u00ed Rasc\u00f3n (<em><a rel=\"noreferrer noopener\" aria-label=\"Badmoiselle (abre en una nueva pesta\u00f1a)\" href=\"https:\/\/soundcloud.com\/badmoiselle\" target=\"_blank\">Badmoiselle<\/a><\/em>) y <a rel=\"noreferrer noopener\" aria-label=\"Cristina Massieu (abre en una nueva pesta\u00f1a)\" href=\"https:\/\/soundcloud.com\/cristinamassieu\" target=\"_blank\">Cristina Massieu<\/a>, ambas originarias de la Ciudad de M\u00e9xico, quienes comparten la misma pasi\u00f3n por la m\u00fasica electr\u00f3nica con aires m\u00edsticos logrando en sus presentaciones; cautivantes sets llenos de energ\u00eda y seducci\u00f3n. En este mixtape de octubre, Cristina y Nohem\u00ed han unido sus gustos musicales para darnos una mezcla spiritual techno\/house y dark disco, que nos llevaran por un inframundo sensorial digno de este Halloween.&nbsp;Enjoy!! <\/h4>\n\n\n<p><iframe loading=\"lazy\" width=\"100%\" height=\"166\" scrolling=\"no\" frameborder=\"no\" allow=\"autoplay\" src=\"https:\/\/w.soundcloud.com\/player\/?url=https%3A\/\/api.soundcloud.com\/tracks\/706067476&amp;color=%23ff5500&amp;auto_play=false&amp;hide_related=false&amp;show_comments=true&amp;show_user=true&amp;show_reposts=false&amp;show_teaser=true\"><\/iframe><\/p>\n\n\n\n<h2 class=\"wp-block-heading\">MIXTAPE: HABO<\/h2>\n\n\n\n<h4 class=\"wp-block-heading\">Residente y due\u00f1o de&nbsp;<a rel=\"noreferrer noopener\" href=\"https:\/\/www.facebook.com\/MinimalClubmx\/\" target=\"_blank\"><strong>Minimal Club<\/strong><\/a>&nbsp;en Cholula, Puebla, <strong><a rel=\"noreferrer noopener\" href=\"https:\/\/soundcloud.com\/habo-dj\" target=\"_blank\">Habo<\/a>&nbsp;<\/strong>comenz\u00f3 a tocar muy joven desde el a\u00f1o `96. Hoy es uno de los m\u00e1s recientes exponentes de la m\u00fasica electr\u00f3nica&nbsp;underground&nbsp;del sureste de M\u00e9xico. Su estilo se define como una mezcla \u201cold school\u201d, viajador, r\u00edtmico y potente; ya que gusta de tocar g\u00e9neros que van del deep house de atm\u00f3sferas hasta otros g\u00e9neros hipn\u00f3ticos.<\/h4>\n\n\n\n<h4 class=\"wp-block-heading\">En este mix<strong> <a rel=\"noreferrer noopener\" href=\"https:\/\/soundcloud.com\/habo-dj\" target=\"_blank\">HABO<\/a><\/strong>&nbsp;nos lleva por un viaje al techno, pasando por ondas progressive y minimal deep tech. Un mix perfecto para noches cargadas de melodic techno, en este verano de confinamiento. Enjoy!!<\/h4>\n\n\n<p><iframe loading=\"lazy\" width=\"100%\" height=\"300\" scrolling=\"no\" frameborder=\"no\" allow=\"autoplay\" src=\"https:\/\/w.soundcloud.com\/player\/?url=https%3A\/\/api.soundcloud.com\/tracks\/837665320&amp;color=%23ff5500&amp;auto_play=false&amp;hide_related=false&amp;show_comments=true&amp;show_user=true&amp;show_reposts=false&amp;show_teaser=true&amp;visual=true\"><\/iframe><\/p>\n<div style=\"font-size: 10px; color: #cccccc;line-break: anywhere;word-break: normal;overflow: hidden;white-space: nowrap;text-overflow: ellipsis; font-family: Interstate,Lucida Grande,Lucida Sans Unicode,Lucida Sans,Garuda,Verdana,Tahoma,sans-serif;font-weight: 100;\"><a href=\"https:\/\/soundcloud.com\/indasocial\" title=\"INDA\" target=\"_blank\" style=\"color: #cccccc; text-decoration: none;\" rel=\"noopener noreferrer\">INDA<\/a> \u00b7 <a href=\"https:\/\/soundcloud.com\/indasocial\/habo-inda_mixtape_no08\" title=\"Habo @ INDA_Mixtape_No.08\" target=\"_blank\" style=\"color: #cccccc; text-decoration: none;\" rel=\"noopener noreferrer\">Habo @ INDA_Mixtape_No.08<\/a><\/div>\n\n\n\n<h2 class=\"wp-block-heading\">MIXTAPE: RED PIG FLOWER<\/h2>\n\n\n\n<h4 class=\"wp-block-heading\">Productora, artista visual, DJ y propietaria de su propio sello musical coreano-japon\u00e9s, <a href=\"https:\/\/www.instagram.com\/redpigflower\/\" target=\"_blank\" rel=\"noreferrer noopener\"><strong>#RedPigFlower<\/strong><\/a>&nbsp;ha crecido hasta convertirse en una figura muy respetada dentro de la escena electr\u00f3nica&nbsp;<a href=\"https:\/\/soundcloud.com\/tags\/underground\">#underground<\/a>&nbsp;en Berl\u00edn, Tokyo, M\u00e9xico y dem\u00e1s pa\u00edses del mundo.<\/h4>\n\n\n\n<h4 class=\"wp-block-heading\">En este mixtape <strong><a rel=\"noreferrer noopener\" href=\"https:\/\/soundcloud.com\/ekalprince\" target=\"_blank\">RED PIG FLOWER<\/a>&nbsp;<\/strong>nos llevar\u00e1 a un mundo imaginario que crea con ritmo y m\u00fasica. Llev\u00e1ndonos por espacios donde el jazz, el house, afro-house y un sutil minimal techno son la base para una armon\u00eda perfecta. Una en la cual, podemos perdernos en la profundidad de su melod\u00eda y encanto. Enjoy!!<\/h4>\n\n\n<p><iframe loading=\"lazy\" width=\"100%\" height=\"300\" scrolling=\"no\" frameborder=\"no\" allow=\"autoplay\" src=\"https:\/\/w.soundcloud.com\/player\/?url=https%3A\/\/api.soundcloud.com\/tracks\/846832429&amp;color=%23ff5500&amp;auto_play=false&amp;hide_related=false&amp;show_comments=true&amp;show_user=true&amp;show_reposts=false&amp;show_teaser=true&amp;visual=true\"><\/iframe><\/p>\n<div style=\"font-size: 10px; color: #cccccc;line-break: anywhere;word-break: normal;overflow: hidden;white-space: nowrap;text-overflow: ellipsis; font-family: Interstate,Lucida Grande,Lucida Sans Unicode,Lucida Sans,Garuda,Verdana,Tahoma,sans-serif;font-weight: 100;\"><a href=\"https:\/\/soundcloud.com\/indasocial\" title=\"INDA\" target=\"_blank\" style=\"color: #cccccc; text-decoration: none;\" rel=\"noopener noreferrer\">INDA<\/a> \u00b7 <a href=\"https:\/\/soundcloud.com\/indasocial\/red-pig-flower-inda_mixtape_no09\" title=\"RED PIG FLOWER @ INDA_Mixtape_No.09\" target=\"_blank\" style=\"color: #cccccc; text-decoration: none;\" rel=\"noopener noreferrer\">RED PIG FLOWER @ INDA_Mixtape_No.09<\/a><\/div>\n\n\n\n<h2 class=\"wp-block-heading\">MIXTAPE: SSERNA<\/h2>\n\n\n\n<h4 class=\"wp-block-heading\">Conocido por sus fiestas \u201cWe Love To Disco\u201d y sus residencias en diversos lugares de CDMX, Ricardo A.K.A<a rel=\"noreferrer noopener\" href=\"https:\/\/soundcloud.com\/riccardosserna\" target=\"_blank\"> <strong>SSERNA<\/strong><\/a>&nbsp;ha sabido como llenar las pistas de baile y hacerlas bailar hasta el amanecer siempre rodeado del mejor talento. Ha compartido escenario junto a DJs de talla internacional como&nbsp;<em><a rel=\"noreferrer noopener\" href=\"https:\/\/www.residentadvisor.net\/dj\/misshoneydijon\" target=\"_blank\">HoneyDijon<\/a>,&nbsp;<a rel=\"noreferrer noopener\" href=\"https:\/\/www.clubbingspain.com\/artistas\/usa\/eric-kupper.html\" target=\"_blank\">EricKupper<\/a>,&nbsp;<a rel=\"noreferrer noopener\" href=\"https:\/\/www.residentadvisor.net\/dj\/jojoflores\" target=\"_blank\">JoJoFlores<\/a>,<\/em> entre otros.<\/h4>\n\n\n\n<h4 class=\"wp-block-heading\">En este set<strong><a rel=\"noreferrer noopener\" href=\"https:\/\/soundcloud.com\/riccardosserna\" target=\"_blank\"> SSERNA<\/a>&nbsp;<\/strong>nos lleva por una oleada empapada de&nbsp;Disco, House y Funk, ritmos que nos transmiten buena energ\u00eda, calor tropical y alegr\u00eda post-verano. Enjoy!!<\/h4>\n\n\n<p><iframe loading=\"lazy\" width=\"100%\" height=\"166\" scrolling=\"no\" frameborder=\"no\" allow=\"autoplay\" src=\"https:\/\/w.soundcloud.com\/player\/?url=https%3A\/\/api.soundcloud.com\/tracks\/858560833&#038;color=%23ff5500&#038;auto_play=false&#038;hide_related=false&#038;show_comments=true&#038;show_user=true&#038;show_reposts=false&#038;show_teaser=true\"><\/iframe><\/p>\n<div style=\"font-size: 10px; color: #cccccc;line-break: anywhere;word-break: normal;overflow: hidden;white-space: nowrap;text-overflow: ellipsis; font-family: Interstate,Lucida Grande,Lucida Sans Unicode,Lucida Sans,Garuda,Verdana,Tahoma,sans-serif;font-weight: 100;\"><a href=\"https:\/\/soundcloud.com\/indasocial\" title=\"INDA\" target=\"_blank\" style=\"color: #cccccc; text-decoration: none;\" rel=\"noopener noreferrer\">INDA<\/a> \u00b7 <a href=\"https:\/\/soundcloud.com\/indasocial\/sserna-inda_mixtape_no10\" title=\"SSERNA @ INDA_Mixtape_No.10\" target=\"_blank\" style=\"color: #cccccc; text-decoration: none;\" rel=\"noopener noreferrer\">SSERNA @ INDA_Mixtape_No.10<\/a><\/div>\n","protected":false},"excerpt":{"rendered":"<p>MIXTAPES: INDASOCIAL Un viaje en el espacio-tiempo sobre nuestras colaboraciones musicales aka Mixtapes con los mejores talentos locales, nacionales e internacionales de la escena electr\u00f3nica en M\u00e9xico, Asia y Europa. MIXTAPE: ALEXANDRA ZAHARIEVA Tomamos un \u00abgold ticket\u00bb con Alexandra Zaharieva, ella nos llev\u00f3 a un lugar especial con esta mezcla, d\u00e9jate llevar por su m\u00fasica [&hellip;]<\/p>\n","protected":false},"author":1,"featured_media":940,"parent":0,"menu_order":0,"comment_status":"closed","ping_status":"closed","template":"","meta":{"footnotes":""},"_links":{"self":[{"href":"https:\/\/indasocial.com\/INDA\/wp-json\/wp\/v2\/pages\/183"}],"collection":[{"href":"https:\/\/indasocial.com\/INDA\/wp-json\/wp\/v2\/pages"}],"about":[{"href":"https:\/\/indasocial.com\/INDA\/wp-json\/wp\/v2\/types\/page"}],"author":[{"embeddable":true,"href":"https:\/\/indasocial.com\/INDA\/wp-json\/wp\/v2\/users\/1"}],"replies":[{"embeddable":true,"href":"https:\/\/indasocial.com\/INDA\/wp-json\/wp\/v2\/comments?post=183"}],"version-history":[{"count":36,"href":"https:\/\/indasocial.com\/INDA\/wp-json\/wp\/v2\/pages\/183\/revisions"}],"predecessor-version":[{"id":4126,"href":"https:\/\/indasocial.com\/INDA\/wp-json\/wp\/v2\/pages\/183\/revisions\/4126"}],"wp:featuredmedia":[{"embeddable":true,"href":"https:\/\/indasocial.com\/INDA\/wp-json\/wp\/v2\/media\/940"}],"wp:attachment":[{"href":"https:\/\/indasocial.com\/INDA\/wp-json\/wp\/v2\/media?parent=183"}],"curies":[{"name":"wp","href":"https:\/\/api.w.org\/{rel}","templated":true}]}}